{"id":8,"date":"2024-03-04T18:17:50","date_gmt":"2024-03-04T18:17:50","guid":{"rendered":"https:\/\/sracunalnik.si\/?page_id=8"},"modified":"2025-07-17T11:05:00","modified_gmt":"2025-07-17T11:05:00","slug":"home","status":"publish","type":"page","link":"https:\/\/sracunalnik.si\/","title":{"rendered":"Home"},"content":{"rendered":"","protected":false},"excerpt":{"rendered":"","protected":false},"author":2,"featured_media":0,"parent":0,"menu_order":0,"comment_status":"closed","ping_status":"closed","template":"templates\/home-template.php","meta":{"footnotes":""},"class_list":["post-8","page","type-page","status-publish","hentry"],"yoast_head":"<!-- This site is optimized with the Yoast SEO plugin v26.4 - https:\/\/yoast.com\/wordpress\/plugins\/seo\/ -->\n<title>Servis ra\u010dunalnikov<\/title>\n<meta name=\"description\" content=\"Servis ra\u010dunalnikov in ra\u010dunalni\u0161ke opreme, prodaja novih in rabljenih ra\u010dunalnikov in ostalih kopponent\" \/>\n<meta name=\"robots\" content=\"index, follow, max-snippet:-1, max-image-preview:large, max-video-preview:-1\" \/>\n<link rel=\"canonical\" href=\"https:\/\/sracunalnik.si\/\" \/>\n<meta property=\"og:locale\" content=\"sl_SI\" \/>\n<meta property=\"og:type\" content=\"article\" \/>\n<meta property=\"og:title\" content=\"Servis ra\u010dunalnikov\" \/>\n<meta property=\"og:description\" content=\"Servis ra\u010dunalnikov in ra\u010dunalni\u0161ke opreme, prodaja novih in rabljenih ra\u010dunalnikov in ostalih kopponent\" \/>\n<meta property=\"og:url\" content=\"https:\/\/sracunalnik.si\/\" \/>\n<meta property=\"og:site_name\" content=\"Servis za ra\u010dunalnike\" \/>\n<meta property=\"article:modified_time\" content=\"2025-07-17T11:05:00+00:00\" \/>\n<meta name=\"twitter:card\" content=\"summary_large_image\" \/>\n<script type=\"application\/ld+json\" class=\"yoast-schema-graph\">{\"@context\":\"https:\/\/schema.org\",\"@graph\":[{\"@type\":\"WebPage\",\"@id\":\"https:\/\/sracunalnik.si\/\",\"url\":\"https:\/\/sracunalnik.si\/\",\"name\":\"Servis ra\u010dunalnikov\",\"isPartOf\":{\"@id\":\"https:\/\/sracunalnik.si\/#website\"},\"datePublished\":\"2024-03-04T18:17:50+00:00\",\"dateModified\":\"2025-07-17T11:05:00+00:00\",\"description\":\"Servis ra\u010dunalnikov in ra\u010dunalni\u0161ke opreme, prodaja novih in rabljenih ra\u010dunalnikov in ostalih kopponent\",\"breadcrumb\":{\"@id\":\"https:\/\/sracunalnik.si\/#breadcrumb\"},\"inLanguage\":\"sl-SI\",\"potentialAction\":[{\"@type\":\"ReadAction\",\"target\":[\"https:\/\/sracunalnik.si\/\"]}]},{\"@type\":\"BreadcrumbList\",\"@id\":\"https:\/\/sracunalnik.si\/#breadcrumb\",\"itemListElement\":[{\"@type\":\"ListItem\",\"position\":1,\"name\":\"Home\",\"item\":\"https:\/\/sracunalnik.si\/\"},{\"@type\":\"ListItem\",\"position\":2,\"name\":\"Home\"}]},{\"@type\":\"WebSite\",\"@id\":\"https:\/\/sracunalnik.si\/#website\",\"url\":\"https:\/\/sracunalnik.si\/\",\"name\":\"Servis za ra\u010dunalnike\",\"description\":\"popravilo vseh vrst ra\u010dunalnikov\",\"potentialAction\":[{\"@type\":\"SearchAction\",\"target\":{\"@type\":\"EntryPoint\",\"urlTemplate\":\"https:\/\/sracunalnik.si\/?s={search_term_string}\"},\"query-input\":{\"@type\":\"PropertyValueSpecification\",\"valueRequired\":true,\"valueName\":\"search_term_string\"}}],\"inLanguage\":\"sl-SI\"}]}<\/script>\n<!-- \/ Yoast SEO plugin. -->","yoast_head_json":{"title":"Servis ra\u010dunalnikov","description":"Servis ra\u010dunalnikov in ra\u010dunalni\u0161ke opreme, prodaja novih in rabljenih ra\u010dunalnikov in ostalih kopponent","robots":{"index":"index","follow":"follow","max-snippet":"max-snippet:-1","max-image-preview":"max-image-preview:large","max-video-preview":"max-video-preview:-1"},"canonical":"https:\/\/sracunalnik.si\/","og_locale":"sl_SI","og_type":"article","og_title":"Servis ra\u010dunalnikov","og_description":"Servis ra\u010dunalnikov in ra\u010dunalni\u0161ke opreme, prodaja novih in rabljenih ra\u010dunalnikov in ostalih kopponent","og_url":"https:\/\/sracunalnik.si\/","og_site_name":"Servis za ra\u010dunalnike","article_modified_time":"2025-07-17T11:05:00+00:00","twitter_card":"summary_large_image","schema":{"@context":"https:\/\/schema.org","@graph":[{"@type":"WebPage","@id":"https:\/\/sracunalnik.si\/","url":"https:\/\/sracunalnik.si\/","name":"Servis ra\u010dunalnikov","isPartOf":{"@id":"https:\/\/sracunalnik.si\/#website"},"datePublished":"2024-03-04T18:17:50+00:00","dateModified":"2025-07-17T11:05:00+00:00","description":"Servis ra\u010dunalnikov in ra\u010dunalni\u0161ke opreme, prodaja novih in rabljenih ra\u010dunalnikov in ostalih kopponent","breadcrumb":{"@id":"https:\/\/sracunalnik.si\/#breadcrumb"},"inLanguage":"sl-SI","potentialAction":[{"@type":"ReadAction","target":["https:\/\/sracunalnik.si\/"]}]},{"@type":"BreadcrumbList","@id":"https:\/\/sracunalnik.si\/#breadcrumb","itemListElement":[{"@type":"ListItem","position":1,"name":"Home","item":"https:\/\/sracunalnik.si\/"},{"@type":"ListItem","position":2,"name":"Home"}]},{"@type":"WebSite","@id":"https:\/\/sracunalnik.si\/#website","url":"https:\/\/sracunalnik.si\/","name":"Servis za ra\u010dunalnike","description":"popravilo vseh vrst ra\u010dunalnikov","potentialAction":[{"@type":"SearchAction","target":{"@type":"EntryPoint","urlTemplate":"https:\/\/sracunalnik.si\/?s={search_term_string}"},"query-input":{"@type":"PropertyValueSpecification","valueRequired":true,"valueName":"search_term_string"}}],"inLanguage":"sl-SI"}]}},"_links":{"self":[{"href":"https:\/\/sracunalnik.si\/index.php?rest_route=\/wp\/v2\/pages\/8","targetHints":{"allow":["GET"]}}],"collection":[{"href":"https:\/\/sracunalnik.si\/index.php?rest_route=\/wp\/v2\/pages"}],"about":[{"href":"https:\/\/sracunalnik.si\/index.php?rest_route=\/wp\/v2\/types\/page"}],"author":[{"embeddable":true,"href":"https:\/\/sracunalnik.si\/index.php?rest_route=\/wp\/v2\/users\/2"}],"replies":[{"embeddable":true,"href":"https:\/\/sracunalnik.si\/index.php?rest_route=%2Fwp%2Fv2%2Fcomments&post=8"}],"version-history":[{"count":1,"href":"https:\/\/sracunalnik.si\/index.php?rest_route=\/wp\/v2\/pages\/8\/revisions"}],"predecessor-version":[{"id":9,"href":"https:\/\/sracunalnik.si\/index.php?rest_route=\/wp\/v2\/pages\/8\/revisions\/9"}],"wp:attachment":[{"href":"https:\/\/sracunalnik.si\/index.php?rest_route=%2Fwp%2Fv2%2Fmedia&parent=8"}],"curies":[{"name":"wp","href":"https:\/\/api.w.org\/{rel}","templated":true}]}}